{"id":15,"date":"2023-11-20T18:35:05","date_gmt":"2023-11-20T18:35:05","guid":{"rendered":"https:\/\/estudioenclave.com\/?page_id=15"},"modified":"2023-12-03T11:58:35","modified_gmt":"2023-12-03T11:58:35","slug":"el-estudio","status":"publish","type":"page","link":"https:\/\/estudioenclave.com\/index.php\/el-estudio\/","title":{"rendered":"El estudio"},"content":{"rendered":"\n<div class=\"wp-block-group alignfull has-accent-background-color has-background has-global-padding is-layout-constrained wp-container-core-group-is-layout-669513ed wp-block-group-is-layout-constrained\" style=\"margin-top:0;margin-bottom:0;padding-top:var(--wp--preset--spacing--50);padding-right:var(--wp--preset--spacing--50);padding-bottom:var(--wp--preset--spacing--50);padding-left:var(--wp--preset--spacing--50)\">\n<div class=\"wp-block-columns alignwide is-layout-flex wp-container-core-columns-is-layout-1da03c2a wp-block-columns-is-layout-flex\">\n<div class=\"wp-block-column is-vertically-aligned-stretch is-layout-flow wp-block-column-is-layout-flow\" style=\"flex-basis:50%\">\n<div class=\"wp-block-group is-vertical is-content-justification-stretch is-layout-flex wp-container-core-group-is-layout-444d5ee8 wp-block-group-is-layout-flex\" style=\"min-height:100%\">\n<p class=\"has-heading-font-family has-x-large-font-size\" style=\"line-height:1.2\">Estudio enclave nace de la idea de Rafael Cotta Crooke de dar un servicio personalizado para convertir en realidad los edificios m\u00e1s complejos, cuidando a la vez el dise\u00f1o m\u00e1s actual.<\/p>\n\n\n\n<div class=\"wp-block-group has-global-padding is-content-justification-left is-layout-constrained wp-container-core-group-is-layout-9fe8ed88 wp-block-group-is-layout-constrained\">\n<p class=\"wp-container-content-0733e5d0\">Estudio Enclave, proyectos y obras en Espa\u00f1a.<\/p>\n\n\n\n<div class=\"wp-block-buttons is-layout-flex wp-block-buttons-is-layout-flex\"><\/div>\n<\/div>\n<\/div>\n<\/div>\n\n\n\n<div class=\"wp-block-column is-vertically-aligned-center is-layout-flow wp-block-column-is-layout-flow\" style=\"flex-basis:50%\">\n<figure class=\"wp-block-image size-large is-style-rounded is-style-rounded--1\"><img decoding=\"async\" src=\"https:\/\/estudioenclave.com\/wp-content\/themes\/twentytwentyfour\/assets\/images\/museum.webp\" alt=\"A ramp along a curved wall in the Kiasma Museu, Helsinki, Finland\" style=\"aspect-ratio:3\/4;object-fit:cover\"\/><\/figure>\n<\/div>\n<\/div>\n<\/div>\n\n\n\n<div class=\"wp-block-group alignfull has-global-padding is-layout-constrained wp-container-core-group-is-layout-669513ed wp-block-group-is-layout-constrained\" style=\"margin-top:0;margin-bottom:0;padding-top:var(--wp--preset--spacing--50);padding-right:var(--wp--preset--spacing--50);padding-bottom:var(--wp--preset--spacing--50);padding-left:var(--wp--preset--spacing--50)\">\n<div class=\"wp-block-group is-vertical is-content-justification-center is-layout-flex wp-container-core-group-is-layout-ce155fab wp-block-group-is-layout-flex\">\n<h2 class=\"wp-block-heading has-text-align-center has-xx-large-font-size\">Equipo<\/h2>\n\n\n\n<p class=\"has-text-align-center\">El equipo de Estudio Enclave est\u00e1 compuesto por arquitectos e ingenieros para dar servicio a los proyectos m\u00e1s exigentes.<\/p>\n<\/div>\n\n\n\n<div class=\"wp-block-columns alignwide is-layout-flex wp-container-core-columns-is-layout-4935966c wp-block-columns-is-layout-flex\" style=\"padding-right:0;padding-left:0\">\n<div class=\"wp-block-column is-layout-flow wp-block-column-is-layout-flow\">\n<figure class=\"wp-block-image size-full is-style-rounded is-style-rounded--2\"><img fetchpriority=\"high\" decoding=\"async\" width=\"1205\" height=\"1209\" src=\"https:\/\/estudioenclave.com\/wp-content\/uploads\/2023\/12\/rafa.jpg\" alt=\"\" class=\"wp-image-74\" style=\"aspect-ratio:1;object-fit:cover\" srcset=\"https:\/\/estudioenclave.com\/wp-content\/uploads\/2023\/12\/rafa.jpg 1205w, https:\/\/estudioenclave.com\/wp-content\/uploads\/2023\/12\/rafa-300x300.jpg 300w, https:\/\/estudioenclave.com\/wp-content\/uploads\/2023\/12\/rafa-1021x1024.jpg 1021w, https:\/\/estudioenclave.com\/wp-content\/uploads\/2023\/12\/rafa-150x150.jpg 150w, https:\/\/estudioenclave.com\/wp-content\/uploads\/2023\/12\/rafa-768x771.jpg 768w\" sizes=\"(max-width: 1205px) 100vw, 1205px\" \/><\/figure>\n\n\n\n<div class=\"wp-block-group is-vertical is-content-justification-center is-nowrap is-layout-flex wp-container-core-group-is-layout-21d4e958 wp-block-group-is-layout-flex\">\n<p class=\"has-text-align-center has-small-font-size\"> <strong>Rafael Cotta<\/strong> <\/p>\n\n\n\n<p class=\"has-text-align-center has-small-font-size\">Fundador &amp; Architect<\/p>\n<\/div>\n<\/div>\n\n\n\n<div class=\"wp-block-column is-layout-flow wp-block-column-is-layout-flow\">\n<figure class=\"wp-block-image size-full is-style-rounded is-style-rounded--3\"><img decoding=\"async\" width=\"1534\" height=\"1534\" src=\"https:\/\/estudioenclave.com\/wp-content\/uploads\/2023\/12\/marta.jpg\" alt=\"\" class=\"wp-image-73\" style=\"aspect-ratio:1;object-fit:cover\" srcset=\"https:\/\/estudioenclave.com\/wp-content\/uploads\/2023\/12\/marta.jpg 1534w, https:\/\/estudioenclave.com\/wp-content\/uploads\/2023\/12\/marta-300x300.jpg 300w, https:\/\/estudioenclave.com\/wp-content\/uploads\/2023\/12\/marta-1024x1024.jpg 1024w, https:\/\/estudioenclave.com\/wp-content\/uploads\/2023\/12\/marta-150x150.jpg 150w, https:\/\/estudioenclave.com\/wp-content\/uploads\/2023\/12\/marta-768x768.jpg 768w\" sizes=\"(max-width: 1534px) 100vw, 1534px\" \/><\/figure>\n\n\n\n<div class=\"wp-block-group is-vertical is-content-justification-center is-nowrap is-layout-flex wp-container-core-group-is-layout-63bfd6c1 wp-block-group-is-layout-flex\">\n<p class=\"has-text-align-center has-small-font-size\"> <strong>Marta Ruiz<\/strong> <\/p>\n\n\n\n<p class=\"has-text-align-center has-small-font-size\">Arquitecta<\/p>\n<\/div>\n<\/div>\n\n\n\n<div class=\"wp-block-column is-layout-flow wp-block-column-is-layout-flow\">\n<figure class=\"wp-block-image size-full is-resized is-style-rounded is-style-rounded--4\"><img decoding=\"async\" width=\"2560\" height=\"2560\" src=\"https:\/\/estudioenclave.com\/wp-content\/uploads\/2023\/12\/palma-scaled.jpg\" alt=\"\" class=\"wp-image-72\" style=\"object-fit:cover;width:205px;height:auto\" srcset=\"https:\/\/estudioenclave.com\/wp-content\/uploads\/2023\/12\/palma-scaled.jpg 2560w, https:\/\/estudioenclave.com\/wp-content\/uploads\/2023\/12\/palma-300x300.jpg 300w, https:\/\/estudioenclave.com\/wp-content\/uploads\/2023\/12\/palma-1024x1024.jpg 1024w, https:\/\/estudioenclave.com\/wp-content\/uploads\/2023\/12\/palma-150x150.jpg 150w, https:\/\/estudioenclave.com\/wp-content\/uploads\/2023\/12\/palma-768x768.jpg 768w, https:\/\/estudioenclave.com\/wp-content\/uploads\/2023\/12\/palma-1536x1536.jpg 1536w, https:\/\/estudioenclave.com\/wp-content\/uploads\/2023\/12\/palma-2048x2048.jpg 2048w\" sizes=\"(max-width: 2560px) 100vw, 2560px\" \/><\/figure>\n\n\n\n<div class=\"wp-block-group is-vertical is-content-justification-center is-nowrap is-layout-flex wp-container-core-group-is-layout-63bfd6c1 wp-block-group-is-layout-flex\">\n<p class=\"has-text-align-center has-small-font-size\"> <strong>Palma Lopera<\/strong> <\/p>\n\n\n\n<p class=\"has-text-align-center has-small-font-size\">Dise\u00f1o<\/p>\n<\/div>\n<\/div>\n\n\n\n<div class=\"wp-block-column is-layout-flow wp-block-column-is-layout-flow\">\n<figure class=\"wp-block-image size-full is-style-rounded is-style-rounded--5\"><img loading=\"lazy\" decoding=\"async\" width=\"375\" height=\"400\" src=\"https:\/\/estudioenclave.com\/wp-content\/uploads\/2023\/12\/antonio.jpg\" alt=\"\" class=\"wp-image-71\" style=\"aspect-ratio:1;object-fit:cover\" srcset=\"https:\/\/estudioenclave.com\/wp-content\/uploads\/2023\/12\/antonio.jpg 375w, https:\/\/estudioenclave.com\/wp-content\/uploads\/2023\/12\/antonio-281x300.jpg 281w\" sizes=\"(max-width: 375px) 100vw, 375px\" \/><\/figure>\n\n\n\n<div class=\"wp-block-group is-vertical is-content-justification-center is-nowrap is-layout-flex wp-container-core-group-is-layout-21d4e958 wp-block-group-is-layout-flex\">\n<p class=\"has-text-align-center has-small-font-size\"> <strong>Antonio Garc\u00eda<\/strong> <\/p>\n\n\n\n<p class=\"has-text-align-center has-small-font-size\">Estructuras<\/p>\n<\/div>\n<\/div>\n\n\n\n<div class=\"wp-block-column is-layout-flow wp-block-column-is-layout-flow\">\n<figure class=\"wp-block-image size-full is-style-rounded is-style-rounded--6\"><img loading=\"lazy\" decoding=\"async\" width=\"1520\" height=\"1531\" src=\"https:\/\/estudioenclave.com\/wp-content\/uploads\/2023\/12\/alejandro.jpg\" alt=\"\" class=\"wp-image-70\" style=\"aspect-ratio:1;object-fit:cover\" srcset=\"https:\/\/estudioenclave.com\/wp-content\/uploads\/2023\/12\/alejandro.jpg 1520w, https:\/\/estudioenclave.com\/wp-content\/uploads\/2023\/12\/alejandro-298x300.jpg 298w, https:\/\/estudioenclave.com\/wp-content\/uploads\/2023\/12\/alejandro-1017x1024.jpg 1017w, https:\/\/estudioenclave.com\/wp-content\/uploads\/2023\/12\/alejandro-150x150.jpg 150w, https:\/\/estudioenclave.com\/wp-content\/uploads\/2023\/12\/alejandro-768x774.jpg 768w\" sizes=\"(max-width: 1520px) 100vw, 1520px\" \/><\/figure>\n\n\n\n<div class=\"wp-block-group is-vertical is-content-justification-center is-nowrap is-layout-flex wp-container-core-group-is-layout-21d4e958 wp-block-group-is-layout-flex\">\n<p class=\"has-text-align-center has-small-font-size\"> <strong>Alejandro Garc\u00eda<\/strong> <\/p>\n\n\n\n<p class=\"has-text-align-center has-small-font-size\">Obras<\/p>\n<\/div>\n<\/div>\n<\/div>\n<\/div>\n\n\n\n\n\n<div class=\"wp-block-group alignfull has-global-padding is-layout-constrained wp-container-core-group-is-layout-d89aad35 wp-block-group-is-layout-constrained\" style=\"margin-top:0;margin-bottom:0;padding-top:var(--wp--preset--spacing--50);padding-right:var(--wp--preset--spacing--50);padding-bottom:var(--wp--preset--spacing--50);padding-left:var(--wp--preset--spacing--50)\">\n<div class=\"wp-block-columns alignwide are-vertically-aligned-center is-layout-flex wp-container-core-columns-is-layout-47c06fe3 wp-block-columns-is-layout-flex\">\n<div class=\"wp-block-column is-vertically-aligned-center is-layout-flow wp-block-column-is-layout-flow\" style=\"flex-basis:50%\">\n<h2 class=\"wp-block-heading\">Arquitectura e Ingenier\u00eda Avanzada.<\/h2>\n\n\n\n<ul style=\"line-height:1.75\" class=\"is-style-checkmark-list wp-block-list\">\n<li>Colaboramos con las mejores marcas.<\/li>\n\n\n\n<li>Proyectos avanzados.<\/li>\n\n\n\n<li>Proyectos y obras de ingenier\u00eda y arquitectura.<\/li>\n<\/ul>\n\n\n\n<div class=\"wp-block-buttons is-layout-flex wp-block-buttons-is-layout-flex\">\n<div class=\"wp-block-button\"><a class=\"wp-block-button__link wp-element-button\">Download app<\/a><\/div>\n\n\n\n<div class=\"wp-block-button is-style-outline is-style-outline--7\"><a class=\"wp-block-button__link wp-element-button\">How it works<\/a><\/div>\n<\/div>\n<\/div>\n\n\n\n<div class=\"wp-block-column is-vertically-aligned-center is-layout-flow wp-block-column-is-layout-flow\" style=\"flex-basis:50%\">\n<figure class=\"wp-block-image size-full is-style-rounded is-style-rounded--8\"><img decoding=\"async\" src=\"https:\/\/estudioenclave.com\/wp-content\/themes\/twentytwentyfour\/assets\/images\/abstract-geometric-art.webp\" alt=\"White abstract geometric artwork from Dresden, Germany\" style=\"aspect-ratio:4\/3;object-fit:cover\"\/><\/figure>\n<\/div>\n<\/div>\n<\/div>\n","protected":false},"excerpt":{"rendered":"<p>Estudio enclave nace de la idea de Rafael Cotta Crooke de dar un servicio personalizado para convertir en realidad los edificios m\u00e1s complejos, cuidando a la vez el dise\u00f1o m\u00e1s actual. Estudio Enclave, proyectos y obras en Espa\u00f1a. Equipo El equipo de Estudio Enclave est\u00e1 compuesto por arquitectos e ingenieros para dar servicio a los [&hellip;]<\/p>\n","protected":false},"author":1,"featured_media":0,"parent":0,"menu_order":0,"comment_status":"closed","ping_status":"closed","template":"","meta":{"footnotes":""},"class_list":["post-15","page","type-page","status-publish","hentry"],"yoast_head":"<!-- This site is optimized with the Yoast SEO plugin v21.5 - https:\/\/yoast.com\/wordpress\/plugins\/seo\/ -->\n<title>El estudio -<\/title>\n<meta name=\"robots\" content=\"index, follow, max-snippet:-1, max-image-preview:large, max-video-preview:-1\" \/>\n<link rel=\"canonical\" href=\"https:\/\/estudioenclave.com\/index.php\/el-estudio\/\" \/>\n<meta property=\"og:locale\" content=\"es_ES\" \/>\n<meta property=\"og:type\" content=\"article\" \/>\n<meta property=\"og:title\" content=\"El estudio -\" \/>\n<meta property=\"og:description\" content=\"Estudio enclave nace de la idea de Rafael Cotta Crooke de dar un servicio personalizado para convertir en realidad los edificios m\u00e1s complejos, cuidando a la vez el dise\u00f1o m\u00e1s actual. Estudio Enclave, proyectos y obras en Espa\u00f1a. Equipo El equipo de Estudio Enclave est\u00e1 compuesto por arquitectos e ingenieros para dar servicio a los [&hellip;]\" \/>\n<meta property=\"og:url\" content=\"https:\/\/estudioenclave.com\/index.php\/el-estudio\/\" \/>\n<meta property=\"article:modified_time\" content=\"2023-12-03T11:58:35+00:00\" \/>\n<meta property=\"og:image\" content=\"https:\/\/estudioenclave.com\/wp-content\/themes\/twentytwentyfour\/assets\/images\/museum.webp\" \/>\n<meta name=\"twitter:card\" content=\"summary_large_image\" \/>\n<meta name=\"twitter:label1\" content=\"Tiempo de lectura\" \/>\n\t<meta name=\"twitter:data1\" content=\"2 minutos\" \/>\n<script type=\"application\/ld+json\" class=\"yoast-schema-graph\">{\"@context\":\"https:\/\/schema.org\",\"@graph\":[{\"@type\":\"WebPage\",\"@id\":\"https:\/\/estudioenclave.com\/index.php\/el-estudio\/\",\"url\":\"https:\/\/estudioenclave.com\/index.php\/el-estudio\/\",\"name\":\"El estudio -\",\"isPartOf\":{\"@id\":\"https:\/\/estudioenclave.com\/#website\"},\"datePublished\":\"2023-11-20T18:35:05+00:00\",\"dateModified\":\"2023-12-03T11:58:35+00:00\",\"breadcrumb\":{\"@id\":\"https:\/\/estudioenclave.com\/index.php\/el-estudio\/#breadcrumb\"},\"inLanguage\":\"es\",\"potentialAction\":[{\"@type\":\"ReadAction\",\"target\":[\"https:\/\/estudioenclave.com\/index.php\/el-estudio\/\"]}]},{\"@type\":\"BreadcrumbList\",\"@id\":\"https:\/\/estudioenclave.com\/index.php\/el-estudio\/#breadcrumb\",\"itemListElement\":[{\"@type\":\"ListItem\",\"position\":1,\"name\":\"Portada\",\"item\":\"https:\/\/estudioenclave.com\/\"},{\"@type\":\"ListItem\",\"position\":2,\"name\":\"El estudio\"}]},{\"@type\":\"WebSite\",\"@id\":\"https:\/\/estudioenclave.com\/#website\",\"url\":\"https:\/\/estudioenclave.com\/\",\"name\":\"Estudio Enclave - Arquitectura para proyectos complejos\",\"description\":\"Arquitectura Compleja\",\"publisher\":{\"@id\":\"https:\/\/estudioenclave.com\/#organization\"},\"potentialAction\":[{\"@type\":\"SearchAction\",\"target\":{\"@type\":\"EntryPoint\",\"urlTemplate\":\"https:\/\/estudioenclave.com\/?s={search_term_string}\"},\"query-input\":\"required name=search_term_string\"}],\"inLanguage\":\"es\"},{\"@type\":\"Organization\",\"@id\":\"https:\/\/estudioenclave.com\/#organization\",\"name\":\"Estudio Encalve\",\"url\":\"https:\/\/estudioenclave.com\/\",\"logo\":{\"@type\":\"ImageObject\",\"inLanguage\":\"es\",\"@id\":\"https:\/\/estudioenclave.com\/#\/schema\/logo\/image\/\",\"url\":\"https:\/\/estudioenclave.com\/wp-content\/uploads\/2023\/12\/Enclave_logo-removebg.png\",\"contentUrl\":\"https:\/\/estudioenclave.com\/wp-content\/uploads\/2023\/12\/Enclave_logo-removebg.png\",\"width\":707,\"height\":353,\"caption\":\"Estudio Encalve\"},\"image\":{\"@id\":\"https:\/\/estudioenclave.com\/#\/schema\/logo\/image\/\"}}]}<\/script>\n<!-- \/ Yoast SEO plugin. -->","yoast_head_json":{"title":"El estudio -","robots":{"index":"index","follow":"follow","max-snippet":"max-snippet:-1","max-image-preview":"max-image-preview:large","max-video-preview":"max-video-preview:-1"},"canonical":"https:\/\/estudioenclave.com\/index.php\/el-estudio\/","og_locale":"es_ES","og_type":"article","og_title":"El estudio -","og_description":"Estudio enclave nace de la idea de Rafael Cotta Crooke de dar un servicio personalizado para convertir en realidad los edificios m\u00e1s complejos, cuidando a la vez el dise\u00f1o m\u00e1s actual. Estudio Enclave, proyectos y obras en Espa\u00f1a. Equipo El equipo de Estudio Enclave est\u00e1 compuesto por arquitectos e ingenieros para dar servicio a los [&hellip;]","og_url":"https:\/\/estudioenclave.com\/index.php\/el-estudio\/","article_modified_time":"2023-12-03T11:58:35+00:00","og_image":[{"url":"https:\/\/estudioenclave.com\/wp-content\/themes\/twentytwentyfour\/assets\/images\/museum.webp"}],"twitter_card":"summary_large_image","twitter_misc":{"Tiempo de lectura":"2 minutos"},"schema":{"@context":"https:\/\/schema.org","@graph":[{"@type":"WebPage","@id":"https:\/\/estudioenclave.com\/index.php\/el-estudio\/","url":"https:\/\/estudioenclave.com\/index.php\/el-estudio\/","name":"El estudio -","isPartOf":{"@id":"https:\/\/estudioenclave.com\/#website"},"datePublished":"2023-11-20T18:35:05+00:00","dateModified":"2023-12-03T11:58:35+00:00","breadcrumb":{"@id":"https:\/\/estudioenclave.com\/index.php\/el-estudio\/#breadcrumb"},"inLanguage":"es","potentialAction":[{"@type":"ReadAction","target":["https:\/\/estudioenclave.com\/index.php\/el-estudio\/"]}]},{"@type":"BreadcrumbList","@id":"https:\/\/estudioenclave.com\/index.php\/el-estudio\/#breadcrumb","itemListElement":[{"@type":"ListItem","position":1,"name":"Portada","item":"https:\/\/estudioenclave.com\/"},{"@type":"ListItem","position":2,"name":"El estudio"}]},{"@type":"WebSite","@id":"https:\/\/estudioenclave.com\/#website","url":"https:\/\/estudioenclave.com\/","name":"Estudio Enclave - Arquitectura para proyectos complejos","description":"Arquitectura Compleja","publisher":{"@id":"https:\/\/estudioenclave.com\/#organization"},"potentialAction":[{"@type":"SearchAction","target":{"@type":"EntryPoint","urlTemplate":"https:\/\/estudioenclave.com\/?s={search_term_string}"},"query-input":"required name=search_term_string"}],"inLanguage":"es"},{"@type":"Organization","@id":"https:\/\/estudioenclave.com\/#organization","name":"Estudio Encalve","url":"https:\/\/estudioenclave.com\/","logo":{"@type":"ImageObject","inLanguage":"es","@id":"https:\/\/estudioenclave.com\/#\/schema\/logo\/image\/","url":"https:\/\/estudioenclave.com\/wp-content\/uploads\/2023\/12\/Enclave_logo-removebg.png","contentUrl":"https:\/\/estudioenclave.com\/wp-content\/uploads\/2023\/12\/Enclave_logo-removebg.png","width":707,"height":353,"caption":"Estudio Encalve"},"image":{"@id":"https:\/\/estudioenclave.com\/#\/schema\/logo\/image\/"}}]}},"_links":{"self":[{"href":"https:\/\/estudioenclave.com\/index.php\/wp-json\/wp\/v2\/pages\/15","targetHints":{"allow":["GET"]}}],"collection":[{"href":"https:\/\/estudioenclave.com\/index.php\/wp-json\/wp\/v2\/pages"}],"about":[{"href":"https:\/\/estudioenclave.com\/index.php\/wp-json\/wp\/v2\/types\/page"}],"author":[{"embeddable":true,"href":"https:\/\/estudioenclave.com\/index.php\/wp-json\/wp\/v2\/users\/1"}],"replies":[{"embeddable":true,"href":"https:\/\/estudioenclave.com\/index.php\/wp-json\/wp\/v2\/comments?post=15"}],"version-history":[{"count":3,"href":"https:\/\/estudioenclave.com\/index.php\/wp-json\/wp\/v2\/pages\/15\/revisions"}],"predecessor-version":[{"id":77,"href":"https:\/\/estudioenclave.com\/index.php\/wp-json\/wp\/v2\/pages\/15\/revisions\/77"}],"wp:attachment":[{"href":"https:\/\/estudioenclave.com\/index.php\/wp-json\/wp\/v2\/media?parent=15"}],"curies":[{"name":"wp","href":"https:\/\/api.w.org\/{rel}","templated":true}]}}