{"id":78,"date":"2023-12-03T12:04:37","date_gmt":"2023-12-03T12:04:37","guid":{"rendered":"https:\/\/estudioenclave.com\/?page_id=78"},"modified":"2023-12-03T12:04:37","modified_gmt":"2023-12-03T12:04:37","slug":"aviso-legal","status":"publish","type":"page","link":"https:\/\/estudioenclave.com\/index.php\/aviso-legal\/","title":{"rendered":"Aviso legal"},"content":{"rendered":"\n<p>Bienvenido a estudioenclave.com<\/p>\n\n\n\n<ol class=\"wp-block-list\">\n<li><strong>Titularidad del sitio web:<\/strong> Rafael Cotta Crooke administracion@estudioenclave.com<\/li>\n\n\n\n<li><strong>Condiciones de Uso:<\/strong> El acceso y uso de este sitio web est\u00e1n sujetos a las siguientes condiciones. Al utilizar este sitio, aceptas estas condiciones en su totalidad.<\/li>\n\n\n\n<li><strong>Propiedad Intelectual:<\/strong> Los contenidos de este sitio web, incluyendo textos, im\u00e1genes, logotipos, y cualquier otro material, est\u00e1n protegidos por derechos de propiedad intelectual. Queda prohibida su reproducci\u00f3n sin previa autorizaci\u00f3n.<\/li>\n\n\n\n<li><strong>Enlaces a Terceros:<\/strong> Este sitio web puede contener enlaces a sitios de terceros. No tenemos control sobre el contenido de estos sitios y no asumimos responsabilidad alguna por su contenido.<\/li>\n\n\n\n<li><strong>Pol\u00edtica de Privacidad:<\/strong> Consulta nuestra Pol\u00edtica de Privacidad para obtener informaci\u00f3n sobre c\u00f3mo manejamos la informaci\u00f3n personal.<\/li>\n\n\n\n<li><strong>Cookies:<\/strong> Este sitio web utiliza cookies para mejorar la experiencia del usuario. Al continuar navegando, aceptas el uso de cookies de acuerdo con nuestra Pol\u00edtica de Cookies.<\/li>\n\n\n\n<li><strong>Limitaci\u00f3n de Responsabilidad:<\/strong> No nos hacemos responsables de posibles da\u00f1os o perjuicios derivados del uso de este sitio web.<\/li>\n\n\n\n<li><strong>Modificaciones:<\/strong> Nos reservamos el derecho de modificar estas condiciones en cualquier momento. Se recomienda revisar peri\u00f3dicamente esta p\u00e1gina.<\/li>\n\n\n\n<li><strong>Ley Aplicable:<\/strong> Este aviso legal se rige por las leyes vigentes en [pa\u00eds]. Cualquier disputa que surja en relaci\u00f3n con este sitio web estar\u00e1 sujeta a la jurisdicci\u00f3n de los tribunales de [ciudad].<\/li>\n<\/ol>\n\n\n\n<p>Gracias por visitar Estudio Enclave. Si tienes alguna pregunta, puedes ponerte en contacto con nosotros en administracion@estudioenclave.com<\/p>\n","protected":false},"excerpt":{"rendered":"<p>Bienvenido a estudioenclave.com Gracias por visitar Estudio Enclave. Si tienes alguna pregunta, puedes ponerte en contacto con nosotros en administracion@estudioenclave.com<\/p>\n","protected":false},"author":1,"featured_media":0,"parent":0,"menu_order":0,"comment_status":"closed","ping_status":"closed","template":"","meta":{"footnotes":""},"class_list":["post-78","page","type-page","status-publish","hentry"],"yoast_head":"<!-- This site is optimized with the Yoast SEO plugin v21.5 - https:\/\/yoast.com\/wordpress\/plugins\/seo\/ -->\n<title>Aviso legal -<\/title>\n<meta name=\"robots\" content=\"index, follow, max-snippet:-1, max-image-preview:large, max-video-preview:-1\" \/>\n<link rel=\"canonical\" href=\"https:\/\/estudioenclave.com\/index.php\/aviso-legal\/\" \/>\n<meta property=\"og:locale\" content=\"es_ES\" \/>\n<meta property=\"og:type\" content=\"article\" \/>\n<meta property=\"og:title\" content=\"Aviso legal -\" \/>\n<meta property=\"og:description\" content=\"Bienvenido a estudioenclave.com Gracias por visitar Estudio Enclave. Si tienes alguna pregunta, puedes ponerte en contacto con nosotros en administracion@estudioenclave.com\" \/>\n<meta property=\"og:url\" content=\"https:\/\/estudioenclave.com\/index.php\/aviso-legal\/\" \/>\n<meta name=\"twitter:card\" content=\"summary_large_image\" \/>\n<meta name=\"twitter:label1\" content=\"Tiempo de lectura\" \/>\n\t<meta name=\"twitter:data1\" content=\"2 minutos\" \/>\n<script type=\"application\/ld+json\" class=\"yoast-schema-graph\">{\"@context\":\"https:\/\/schema.org\",\"@graph\":[{\"@type\":\"WebPage\",\"@id\":\"https:\/\/estudioenclave.com\/index.php\/aviso-legal\/\",\"url\":\"https:\/\/estudioenclave.com\/index.php\/aviso-legal\/\",\"name\":\"Aviso legal -\",\"isPartOf\":{\"@id\":\"https:\/\/estudioenclave.com\/#website\"},\"datePublished\":\"2023-12-03T12:04:37+00:00\",\"dateModified\":\"2023-12-03T12:04:37+00:00\",\"breadcrumb\":{\"@id\":\"https:\/\/estudioenclave.com\/index.php\/aviso-legal\/#breadcrumb\"},\"inLanguage\":\"es\",\"potentialAction\":[{\"@type\":\"ReadAction\",\"target\":[\"https:\/\/estudioenclave.com\/index.php\/aviso-legal\/\"]}]},{\"@type\":\"BreadcrumbList\",\"@id\":\"https:\/\/estudioenclave.com\/index.php\/aviso-legal\/#breadcrumb\",\"itemListElement\":[{\"@type\":\"ListItem\",\"position\":1,\"name\":\"Portada\",\"item\":\"https:\/\/estudioenclave.com\/\"},{\"@type\":\"ListItem\",\"position\":2,\"name\":\"Aviso legal\"}]},{\"@type\":\"WebSite\",\"@id\":\"https:\/\/estudioenclave.com\/#website\",\"url\":\"https:\/\/estudioenclave.com\/\",\"name\":\"Estudio Enclave - Arquitectura para proyectos complejos\",\"description\":\"Arquitectura Compleja\",\"publisher\":{\"@id\":\"https:\/\/estudioenclave.com\/#organization\"},\"potentialAction\":[{\"@type\":\"SearchAction\",\"target\":{\"@type\":\"EntryPoint\",\"urlTemplate\":\"https:\/\/estudioenclave.com\/?s={search_term_string}\"},\"query-input\":\"required name=search_term_string\"}],\"inLanguage\":\"es\"},{\"@type\":\"Organization\",\"@id\":\"https:\/\/estudioenclave.com\/#organization\",\"name\":\"Estudio Encalve\",\"url\":\"https:\/\/estudioenclave.com\/\",\"logo\":{\"@type\":\"ImageObject\",\"inLanguage\":\"es\",\"@id\":\"https:\/\/estudioenclave.com\/#\/schema\/logo\/image\/\",\"url\":\"https:\/\/estudioenclave.com\/wp-content\/uploads\/2023\/12\/Enclave_logo-removebg.png\",\"contentUrl\":\"https:\/\/estudioenclave.com\/wp-content\/uploads\/2023\/12\/Enclave_logo-removebg.png\",\"width\":707,\"height\":353,\"caption\":\"Estudio Encalve\"},\"image\":{\"@id\":\"https:\/\/estudioenclave.com\/#\/schema\/logo\/image\/\"}}]}<\/script>\n<!-- \/ Yoast SEO plugin. -->","yoast_head_json":{"title":"Aviso legal -","robots":{"index":"index","follow":"follow","max-snippet":"max-snippet:-1","max-image-preview":"max-image-preview:large","max-video-preview":"max-video-preview:-1"},"canonical":"https:\/\/estudioenclave.com\/index.php\/aviso-legal\/","og_locale":"es_ES","og_type":"article","og_title":"Aviso legal -","og_description":"Bienvenido a estudioenclave.com Gracias por visitar Estudio Enclave. Si tienes alguna pregunta, puedes ponerte en contacto con nosotros en administracion@estudioenclave.com","og_url":"https:\/\/estudioenclave.com\/index.php\/aviso-legal\/","twitter_card":"summary_large_image","twitter_misc":{"Tiempo de lectura":"2 minutos"},"schema":{"@context":"https:\/\/schema.org","@graph":[{"@type":"WebPage","@id":"https:\/\/estudioenclave.com\/index.php\/aviso-legal\/","url":"https:\/\/estudioenclave.com\/index.php\/aviso-legal\/","name":"Aviso legal -","isPartOf":{"@id":"https:\/\/estudioenclave.com\/#website"},"datePublished":"2023-12-03T12:04:37+00:00","dateModified":"2023-12-03T12:04:37+00:00","breadcrumb":{"@id":"https:\/\/estudioenclave.com\/index.php\/aviso-legal\/#breadcrumb"},"inLanguage":"es","potentialAction":[{"@type":"ReadAction","target":["https:\/\/estudioenclave.com\/index.php\/aviso-legal\/"]}]},{"@type":"BreadcrumbList","@id":"https:\/\/estudioenclave.com\/index.php\/aviso-legal\/#breadcrumb","itemListElement":[{"@type":"ListItem","position":1,"name":"Portada","item":"https:\/\/estudioenclave.com\/"},{"@type":"ListItem","position":2,"name":"Aviso legal"}]},{"@type":"WebSite","@id":"https:\/\/estudioenclave.com\/#website","url":"https:\/\/estudioenclave.com\/","name":"Estudio Enclave - Arquitectura para proyectos complejos","description":"Arquitectura Compleja","publisher":{"@id":"https:\/\/estudioenclave.com\/#organization"},"potentialAction":[{"@type":"SearchAction","target":{"@type":"EntryPoint","urlTemplate":"https:\/\/estudioenclave.com\/?s={search_term_string}"},"query-input":"required name=search_term_string"}],"inLanguage":"es"},{"@type":"Organization","@id":"https:\/\/estudioenclave.com\/#organization","name":"Estudio Encalve","url":"https:\/\/estudioenclave.com\/","logo":{"@type":"ImageObject","inLanguage":"es","@id":"https:\/\/estudioenclave.com\/#\/schema\/logo\/image\/","url":"https:\/\/estudioenclave.com\/wp-content\/uploads\/2023\/12\/Enclave_logo-removebg.png","contentUrl":"https:\/\/estudioenclave.com\/wp-content\/uploads\/2023\/12\/Enclave_logo-removebg.png","width":707,"height":353,"caption":"Estudio Encalve"},"image":{"@id":"https:\/\/estudioenclave.com\/#\/schema\/logo\/image\/"}}]}},"_links":{"self":[{"href":"https:\/\/estudioenclave.com\/index.php\/wp-json\/wp\/v2\/pages\/78","targetHints":{"allow":["GET"]}}],"collection":[{"href":"https:\/\/estudioenclave.com\/index.php\/wp-json\/wp\/v2\/pages"}],"about":[{"href":"https:\/\/estudioenclave.com\/index.php\/wp-json\/wp\/v2\/types\/page"}],"author":[{"embeddable":true,"href":"https:\/\/estudioenclave.com\/index.php\/wp-json\/wp\/v2\/users\/1"}],"replies":[{"embeddable":true,"href":"https:\/\/estudioenclave.com\/index.php\/wp-json\/wp\/v2\/comments?post=78"}],"version-history":[{"count":1,"href":"https:\/\/estudioenclave.com\/index.php\/wp-json\/wp\/v2\/pages\/78\/revisions"}],"predecessor-version":[{"id":79,"href":"https:\/\/estudioenclave.com\/index.php\/wp-json\/wp\/v2\/pages\/78\/revisions\/79"}],"wp:attachment":[{"href":"https:\/\/estudioenclave.com\/index.php\/wp-json\/wp\/v2\/media?parent=78"}],"curies":[{"name":"wp","href":"https:\/\/api.w.org\/{rel}","templated":true}]}}